{"id":75,"date":"2024-11-19T19:32:17","date_gmt":"2024-11-19T19:32:17","guid":{"rendered":"https:\/\/dengeetiket.com.tr\/?page_id=75"},"modified":"2024-11-24T14:47:01","modified_gmt":"2024-11-24T14:47:01","slug":"home","status":"publish","type":"page","link":"https:\/\/dengeetiket.com.tr\/","title":{"rendered":"Home"},"content":{"rendered":"\n<div class=\"wp-block-cover alignfull is-light hestia-clear-top-padding\"><span aria-hidden=\"true\" class=\"wp-block-cover__background has-white-background-color has-background-dim-100 has-background-dim\"><\/span><div class=\"wp-block-cover__inner-container is-layout-flow wp-block-cover-is-layout-flow\">\n<h2 class=\"wp-block-heading has-text-align-center has-text-color\" style=\"color:#3c4858\">Etiket \u00c7\u00f6z\u00fcmleri ile Dijitalle\u015fmenin G\u00fcc\u00fc Bir Arada!<\/h2>\n\n\n\n<div style=\"height:40px\" aria-hidden=\"true\" class=\"wp-block-spacer\"><\/div>\n\n\n\n<div class=\"wp-block-columns container is-layout-flex wp-container-core-columns-is-layout-1 wp-block-columns-is-layout-flex\">\n<div class=\"wp-block-column is-layout-flow wp-block-column-is-layout-flow\"><div class=\"wp-block-image\">\n<figure class=\"aligncenter size-full\"><img loading=\"lazy\" decoding=\"async\" width=\"48\" height=\"48\" src=\"http:\/\/dengeetiket.com.tr\/wp-content\/uploads\/2024\/11\/6791557181580301732-48-2.png\" alt=\"\" class=\"wp-image-139\"\/><\/figure><\/div>\n\n\n<h5 class=\"wp-block-heading has-text-align-center has-text-color\" style=\"color:#3c4858;font-size:18px\">\u00dcretim \u0130zleme Yaz\u0131l\u0131mlar\u0131<\/h5>\n\n\n\n<p class=\"has-text-align-center has-text-color\" style=\"color:#999999;font-size:14px\">\u00dcretim izleme yaz\u0131l\u0131mlar\u0131m\u0131zla fabrikan\u0131zdaki s\u00fcre\u00e7leri kontrol alt\u0131na al\u0131n! Ger\u00e7ek zamanl\u0131 veri analizi sayesinde \u00fcretim hatalar\u0131n\u0131z\u0131 minimuma indirerek s\u00fcre\u00e7lerinizi optimize edin.<\/p>\n\n\n\n<div style=\"height:25px\" aria-hidden=\"true\" class=\"wp-block-spacer\"><\/div>\n<\/div>\n\n\n\n<div class=\"wp-block-column is-layout-flow wp-block-column-is-layout-flow\"><div class=\"wp-block-image\">\n<figure class=\"aligncenter size-full\"><img loading=\"lazy\" decoding=\"async\" width=\"48\" height=\"48\" src=\"http:\/\/dengeetiket.com.tr\/wp-content\/uploads\/2024\/11\/2591549251684485321-48.png\" alt=\"\" class=\"wp-image-126\"\/><\/figure><\/div>\n\n\n<h5 class=\"wp-block-heading has-text-align-center has-text-color\" style=\"color:#3c4858;font-size:18px\">Etiket Yaz\u0131l\u0131m Entegrasyonlar\u0131<\/h5>\n\n\n\n<p class=\"has-text-align-center has-text-color\" style=\"color:#999999;font-size:14px\">Etiket yaz\u0131l\u0131m entegrasyonlar\u0131m\u0131zla yaz\u0131c\u0131lar\u0131n\u0131z\u0131 tam kapasiteyle kullan\u0131n! \u00dcr\u00fcnlerinize \u00f6zel etiket tasar\u0131mlar\u0131n\u0131 h\u0131zla olu\u015fturun ve barkod i\u015flemlerinizi kolayla\u015ft\u0131r\u0131n.<\/p>\n\n\n\n<div style=\"height:25px\" aria-hidden=\"true\" class=\"wp-block-spacer\"><\/div>\n<\/div>\n\n\n\n<div class=\"wp-block-column is-layout-flow wp-block-column-is-layout-flow\"><div class=\"wp-block-image\">\n<figure class=\"aligncenter size-full\"><img loading=\"lazy\" decoding=\"async\" width=\"48\" height=\"48\" src=\"http:\/\/dengeetiket.com.tr\/wp-content\/uploads\/2024\/11\/212824901816267953523602-48-2.png\" alt=\"\" class=\"wp-image-143\"\/><\/figure><\/div>\n\n\n<h5 class=\"wp-block-heading has-text-align-center has-text-color\" style=\"color:#3c4858;font-size:18px\">Filo ve Depo Y\u00f6netimi<\/h5>\n\n\n\n<p class=\"has-text-align-center has-text-color\" style=\"color:#999999;font-size:14px\">Filo ve depo y\u00f6netimi yaz\u0131l\u0131mlar\u0131m\u0131zla lojistik s\u00fcre\u00e7lerinizi kolayla\u015ft\u0131r\u0131n! Ara\u00e7 takibinden stok d\u00fczenlemeye kadar t\u00fcm operasyonlar\u0131n\u0131z\u0131 ger\u00e7ek zamanl\u0131 izleyin ve verimlili\u011fi art\u0131r\u0131n.<\/p>\n\n\n\n<div style=\"height:25px\" aria-hidden=\"true\" class=\"wp-block-spacer\"><\/div>\n<\/div>\n<\/div>\n\n\n\n<div style=\"height:40px\" aria-hidden=\"true\" class=\"wp-block-spacer\"><\/div>\n<\/div><\/div>\n\n\n\n<div class=\"wp-block-columns container is-layout-flex wp-container-core-columns-is-layout-2 wp-block-columns-is-layout-flex\">\n<div class=\"wp-block-column col-md-5 is-layout-flow wp-block-column-is-layout-flow\">\n<div style=\"height:55px\" aria-hidden=\"true\" class=\"wp-block-spacer\"><\/div>\n\n\n\n<h2 class=\"wp-block-heading\">Hakk\u0131m\u0131zda<\/h2>\n\n\n\n<p>Denge Bask\u0131 \u00c7\u00f6z\u00fcmleri, etiket ve bask\u0131 sekt\u00f6r\u00fcnde yenilik\u00e7i \u00e7\u00f6z\u00fcmler sunan bir lider firmad\u0131r. Fabrikalara y\u00f6nelik \u00f6zel yaz\u0131l\u0131m entegrasyonlar\u0131yla birlikte bask\u0131l\u0131, bask\u0131s\u0131z etiket ve ribbon \u00fcr\u00fcnlerinde kalite ve g\u00fcvenin adresiyiz.<\/p>\n<\/div>\n\n\n\n<div class=\"wp-block-column col-md-6 col-md-offset1 is-layout-flow wp-block-column-is-layout-flow\">\n<div style=\"height:55px\" aria-hidden=\"true\" class=\"wp-block-spacer\"><\/div>\n\n\n\n<figure class=\"wp-block-gallery has-nested-images columns-default is-cropped wp-block-gallery-1 is-layout-flex wp-block-gallery-is-layout-flex\">\n<figure class=\"wp-block-image size-large\"><img loading=\"lazy\" decoding=\"async\" width=\"1024\" height=\"768\" src=\"https:\/\/dengeetiket.com.tr\/wp-content\/uploads\/2024\/11\/1uHn3AdG8ckxm4H-9QfT_.png\" alt=\"\" class=\"wp-image-96\" srcset=\"https:\/\/dengeetiket.com.tr\/wp-content\/uploads\/2024\/11\/1uHn3AdG8ckxm4H-9QfT_.png 1024w, https:\/\/dengeetiket.com.tr\/wp-content\/uploads\/2024\/11\/1uHn3AdG8ckxm4H-9QfT_-300x225.png 300w, https:\/\/dengeetiket.com.tr\/wp-content\/uploads\/2024\/11\/1uHn3AdG8ckxm4H-9QfT_-768x576.png 768w\" sizes=\"(max-width: 1024px) 100vw, 1024px\" \/><\/figure>\n<\/figure>\n\n\n\n<p><\/p>\n<\/div>\n<\/div>\n\n\n\n<p><\/p>\n","protected":false},"excerpt":{"rendered":"<p>Hakk\u0131m\u0131zda Denge Bask\u0131 \u00c7\u00f6z\u00fcmleri, etiket ve bask\u0131 sekt\u00f6r\u00fcnde yenilik\u00e7i \u00e7\u00f6z\u00fcmler sunan bir lider firmad\u0131r. Fabrikalara y\u00f6nelik \u00f6zel yaz\u0131l\u0131m entegrasyonlar\u0131yla birlikte bask\u0131l\u0131, bask\u0131s\u0131z etiket ve ribbon \u00fcr\u00fcnlerinde kalite ve g\u00fcvenin adresiyiz.<\/p>\n","protected":false},"author":1,"featured_media":103,"parent":0,"menu_order":0,"comment_status":"closed","ping_status":"closed","template":"","meta":{"_themeisle_gutenberg_block_has_review":false,"footnotes":""},"class_list":["post-75","page","type-page","status-publish","has-post-thumbnail","hentry"],"_links":{"self":[{"href":"https:\/\/dengeetiket.com.tr\/index.php?rest_route=\/wp\/v2\/pages\/75"}],"collection":[{"href":"https:\/\/dengeetiket.com.tr\/index.php?rest_route=\/wp\/v2\/pages"}],"about":[{"href":"https:\/\/dengeetiket.com.tr\/index.php?rest_route=\/wp\/v2\/types\/page"}],"author":[{"embeddable":true,"href":"https:\/\/dengeetiket.com.tr\/index.php?rest_route=\/wp\/v2\/users\/1"}],"replies":[{"embeddable":true,"href":"https:\/\/dengeetiket.com.tr\/index.php?rest_route=%2Fwp%2Fv2%2Fcomments&post=75"}],"version-history":[{"count":7,"href":"https:\/\/dengeetiket.com.tr\/index.php?rest_route=\/wp\/v2\/pages\/75\/revisions"}],"predecessor-version":[{"id":155,"href":"https:\/\/dengeetiket.com.tr\/index.php?rest_route=\/wp\/v2\/pages\/75\/revisions\/155"}],"wp:featuredmedia":[{"embeddable":true,"href":"https:\/\/dengeetiket.com.tr\/index.php?rest_route=\/wp\/v2\/media\/103"}],"wp:attachment":[{"href":"https:\/\/dengeetiket.com.tr\/index.php?rest_route=%2Fwp%2Fv2%2Fmedia&parent=75"}],"curies":[{"name":"wp","href":"https:\/\/api.w.org\/{rel}","templated":true}]}}